{"id":2331,"date":"2024-05-06T19:37:55","date_gmt":"2024-05-06T19:37:55","guid":{"rendered":"https:\/\/tejascristal.com.co\/?page_id=2331"},"modified":"2025-02-11T16:11:53","modified_gmt":"2025-02-11T16:11:53","slug":"medellin","status":"publish","type":"page","link":"https:\/\/tejascristal.com.co\/index.php\/medellin\/","title":{"rendered":"Medell\u00edn"},"content":{"rendered":"\n<div class=\"wp-block-stackable-feature-grid alignwide stk-block-feature-grid stk-block-columns stk-block stk-c543631 animated fadeIn\" data-block-id=\"c543631\"><div class=\"stk-row stk-inner-blocks has-text-align-center stk-block-content stk-content-align stk-c543631-column alignwide\">\n<div class=\"wp-block-stackable-column stk-block-column stk-column stk-block stk-04eaae2\" data-v=\"4\" data-block-id=\"04eaae2\"><div class=\"stk-column-wrapper stk-block-column__content stk-container stk-04eaae2-container stk-hover-parent\"><div class=\"stk-block-content stk-inner-blocks stk-04eaae2-inner-blocks\">\n<div class=\"wp-block-stackable-heading stk-block-heading stk-block-heading--v2 stk-block stk-db43361\" id=\"strong-span-style-color-2-eba-44-class-stk-highlight-av-oriental-span-strong\" data-block-id=\"db43361\"><style>.stk-db43361{margin-bottom:0px !important}<\/style><h4 class=\"stk-block-heading__text\"><strong><span style=\"color: #2eba44;\" class=\"stk-highlight\">Av. oriental<\/span><\/strong><\/h4><\/div>\n\n\n\n<div class=\"wp-block-stackable-image stk-block-image stk-block stk-0f2521a\" data-block-id=\"0f2521a\"><style>.stk-0f2521a{margin-bottom:0px !important}.stk-0f2521a .stk-img-wrapper{width:100% !important;height:350px !important}<\/style><figure><a class=\"stk-link\" href=\"https:\/\/maps.app.goo.gl\/fXWs2fiamGABKTWr5\" target=\"_blank\" rel=\"noreferrer noopener\"><span class=\"stk-img-wrapper stk-image--shape-stretch\"><img fetchpriority=\"high\" decoding=\"async\" class=\"stk-img wp-image-2223\" src=\"http:\/\/tejascristal.com.co\/wp-content\/uploads\/2024\/04\/Av-oriental.jpeg\" width=\"960\" height=\"1280\" srcset=\"https:\/\/tejascristal.com.co\/wp-content\/uploads\/2024\/04\/Av-oriental.jpeg 960w, https:\/\/tejascristal.com.co\/wp-content\/uploads\/2024\/04\/Av-oriental-225x300.jpeg 225w, https:\/\/tejascristal.com.co\/wp-content\/uploads\/2024\/04\/Av-oriental-768x1024.jpeg 768w, https:\/\/tejascristal.com.co\/wp-content\/uploads\/2024\/04\/Av-oriental-300x400.jpeg 300w, https:\/\/tejascristal.com.co\/wp-content\/uploads\/2024\/04\/Av-oriental-600x800.jpeg 600w\" sizes=\"(max-width: 960px) 100vw, 960px\" \/><\/span><\/a><\/figure><\/div>\n\n\n\n<div class=\"wp-block-stackable-text stk-block-text stk-block stk-fc00b3e\" data-block-id=\"fc00b3e\"><style>.stk-fc00b3e{margin-bottom:0px !important}<\/style><p class=\"stk-block-text__text\"><strong>CALLE 58 # 45D &#8211; 126<\/strong><\/p><\/div>\n\n\n\n<div class=\"wp-block-stackable-text stk-block-text stk-block stk-71c5940\" data-block-id=\"71c5940\"><style>.stk-71c5940{margin-bottom:0px !important}<\/style><p class=\"stk-block-text__text\"><strong><a href=\"tel:3106022168\" data-type=\"tel\" data-id=\"tel:3106022168\"><span style=\"color: #000000;\" class=\"stk-highlight\">3106022168<\/span><\/a><\/strong><\/p><\/div>\n\n\n\n<div class=\"wp-block-stackable-icon stk-block-icon has-text-align-center stk-block stk-a8e6592\" data-block-id=\"a8e6592\"><style>.stk-a8e6592{margin-top:-31px !important;margin-right:148px !important;margin-bottom:0px !important}.stk-a8e6592 .stk--svg-wrapper .stk--inner-svg svg:last-child{height:25px !important;width:25px !important}.stk-a8e6592 .stk--svg-wrapper .stk--inner-svg svg:last-child,.stk-a8e6592 .stk--svg-wrapper .stk--inner-svg svg:last-child :is(g,path,rect,polygon,ellipse){fill:#000000 !important}<\/style><a class=\"stk-link\" href=\"tel:3106022168\"><span class=\"stk--svg-wrapper\"><div class=\"stk--inner-svg\"><svg style=\"height:0;width:0\"><defs><linearGradient id=\"linear-gradient-a8e6592\" x1=\"0\" x2=\"100%\" y1=\"0\" y2=\"0\"><stop offset=\"0%\" style=\"stop-opacity:1;stop-color:var(--linear-gradient-a-8-e-6592-color-1)\"><\/stop><stop offset=\"100%\" style=\"stop-opacity:1;stop-color:var(--linear-gradient-a-8-e-6592-color-2)\"><\/stop><\/linearGradient><\/defs><\/svg><svg xmlns=\"http:\/\/www.w3.org\/2000\/svg\" viewBox=\"0 0 512 512\" aria-hidden=\"true\" width=\"32\" height=\"32\"><path d=\"M164.9 24.6c-7.7-18.6-28-28.5-47.4-23.2l-88 24C12.1 30.2 0 46 0 64C0 311.4 200.6 512 448 512c18 0 33.8-12.1 38.6-29.5l24-88c5.3-19.4-4.6-39.7-23.2-47.4l-96-40c-16.3-6.8-35.2-2.1-46.3 11.6L304.7 368C234.3 334.7 177.3 277.7 144 207.3L193.3 167c13.7-11.2 18.4-30 11.6-46.3l-40-96z\"><\/path><\/svg><\/div><\/span><\/a><\/div>\n\n\n\n<hr class=\"wp-block-separator has-alpha-channel-opacity\"\/>\n\n\n\n<div class=\"wp-block-stackable-map stk-block-map stk-block stk-11e3e38\" data-block-id=\"11e3e38\"><style>.stk-11e3e38 .stk-block-map__canvas,.stk-11e3e38 iframe{height:139px !important}<\/style><iframe\n\t\t\t\t\t\ttitle=\"Embedded content from Google Maps Platform.\"\n\t\t\t\t\t\tsrc=\"https:\/\/maps.google.com\/maps?q=CALLE 58  45D - 126 medellin tejas cristal&#038;t=&#038;z=12&#038;ie=UTF8&#038;output=embed\"\n\t\t\t\t\t\tstyle=\"border:0;width:100%;max-width:none;max-height:none;height:100%;\"\n\t\t\t\t\t\taria-hidden=\"false\"\n\t\t\t\t\t\ttabIndex=\"0\"\n\t\t\t\t\t\tallowfullscreen\n\t\t\t\t\t\tloading=\"lazy\"\n\t\t\t\t\t\tframeBorder=\"0\"\n\t\t\t\t\t><\/iframe><\/div>\n<\/div><\/div><\/div>\n\n\n\n<div class=\"wp-block-stackable-column stk-block-column stk-column stk-block stk-c71b0ce\" data-v=\"4\" data-block-id=\"c71b0ce\"><div class=\"stk-column-wrapper stk-block-column__content stk-container stk-c71b0ce-container stk-hover-parent\"><div class=\"stk-block-content stk-inner-blocks stk-c71b0ce-inner-blocks\">\n<div class=\"wp-block-stackable-heading stk-block-heading stk-block-heading--v2 stk-block stk-a06947f\" id=\"strong-span-style-color-2-eba-44-class-stk-highlight-belen-span-strong\" data-block-id=\"a06947f\"><style>.stk-a06947f{margin-bottom:0px !important}<\/style><h4 class=\"stk-block-heading__text\"><strong><span style=\"color: #2eba44;\" class=\"stk-highlight\">Bel\u00e9n<\/span><\/strong><\/h4><\/div>\n\n\n\n<div class=\"wp-block-stackable-image stk-block-image stk-block stk-f14e7c3\" data-block-id=\"f14e7c3\"><style>.stk-f14e7c3{margin-bottom:0px !important}.stk-f14e7c3 .stk-img-wrapper{height:350px !important}<\/style><figure><a class=\"stk-link\" href=\"https:\/\/maps.app.goo.gl\/D2eTckkLQzKj1RWr9\" target=\"_blank\" rel=\"noreferrer noopener\"><span class=\"stk-img-wrapper stk-image--shape-stretch\"><img decoding=\"async\" class=\"stk-img wp-image-2221\" src=\"http:\/\/tejascristal.com.co\/wp-content\/uploads\/2024\/04\/belen.jpeg\" width=\"1200\" height=\"1600\" srcset=\"https:\/\/tejascristal.com.co\/wp-content\/uploads\/2024\/04\/belen.jpeg 1200w, https:\/\/tejascristal.com.co\/wp-content\/uploads\/2024\/04\/belen-225x300.jpeg 225w, https:\/\/tejascristal.com.co\/wp-content\/uploads\/2024\/04\/belen-768x1024.jpeg 768w, https:\/\/tejascristal.com.co\/wp-content\/uploads\/2024\/04\/belen-1152x1536.jpeg 1152w, https:\/\/tejascristal.com.co\/wp-content\/uploads\/2024\/04\/belen-300x400.jpeg 300w, https:\/\/tejascristal.com.co\/wp-content\/uploads\/2024\/04\/belen-600x800.jpeg 600w\" sizes=\"(max-width: 1200px) 100vw, 1200px\" \/><\/span><\/a><\/figure><\/div>\n\n\n\n<div class=\"wp-block-stackable-text stk-block-text stk-block stk-79221ca\" data-block-id=\"79221ca\"><style>.stk-79221ca{margin-bottom:0px !important}<\/style><p class=\"stk-block-text__text\"><span style=\"color: #000000;\" class=\"stk-highlight\"><strong>CALLE 30 # 77 &#8211; 97<\/strong><\/span><\/p><\/div>\n\n\n\n<div class=\"wp-block-stackable-text stk-block-text stk-block stk-e3015c5\" data-block-id=\"e3015c5\"><style>.stk-e3015c5{margin-bottom:0px !important}<\/style><p class=\"stk-block-text__text\"><a href=\"tel:3104084862\" data-type=\"tel\" data-id=\"tel:3104084862\"><strong>3104084862<\/strong><\/a><\/p><\/div>\n\n\n\n<div class=\"wp-block-stackable-icon stk-block-icon has-text-align-center stk-block stk-1e2c1a3\" data-block-id=\"1e2c1a3\"><style>.stk-1e2c1a3{margin-top:-31px !important;margin-right:148px !important;margin-bottom:0px !important}.stk-1e2c1a3 .stk--svg-wrapper .stk--inner-svg svg:last-child{height:25px !important;width:25px !important}.stk-1e2c1a3 .stk--svg-wrapper .stk--inner-svg svg:last-child,.stk-1e2c1a3 .stk--svg-wrapper .stk--inner-svg svg:last-child :is(g,path,rect,polygon,ellipse){fill:#000000 !important}<\/style><a class=\"stk-link\" href=\"tel:3104084862\"><span class=\"stk--svg-wrapper\"><div class=\"stk--inner-svg\"><svg style=\"height:0;width:0\"><defs><linearGradient id=\"linear-gradient-1e2c1a3\" x1=\"0\" x2=\"100%\" y1=\"0\" y2=\"0\"><stop offset=\"0%\" style=\"stop-opacity:1;stop-color:var(--linear-gradient-1-e-2-c-1-a-3-color-1)\"><\/stop><stop offset=\"100%\" style=\"stop-opacity:1;stop-color:var(--linear-gradient-1-e-2-c-1-a-3-color-2)\"><\/stop><\/linearGradient><\/defs><\/svg><svg xmlns=\"http:\/\/www.w3.org\/2000\/svg\" viewBox=\"0 0 512 512\" aria-hidden=\"true\" width=\"32\" height=\"32\"><path d=\"M164.9 24.6c-7.7-18.6-28-28.5-47.4-23.2l-88 24C12.1 30.2 0 46 0 64C0 311.4 200.6 512 448 512c18 0 33.8-12.1 38.6-29.5l24-88c5.3-19.4-4.6-39.7-23.2-47.4l-96-40c-16.3-6.8-35.2-2.1-46.3 11.6L304.7 368C234.3 334.7 177.3 277.7 144 207.3L193.3 167c13.7-11.2 18.4-30 11.6-46.3l-40-96z\"><\/path><\/svg><\/div><\/span><\/a><\/div>\n\n\n\n<hr class=\"wp-block-separator has-alpha-channel-opacity\"\/>\n\n\n\n<div class=\"wp-block-stackable-map stk-block-map stk-block stk-be78c70\" data-block-id=\"be78c70\"><style>.stk-be78c70 .stk-block-map__canvas,.stk-be78c70 iframe{height:139px !important}<\/style><iframe\n\t\t\t\t\t\ttitle=\"Embedded content from Google Maps Platform.\"\n\t\t\t\t\t\tsrc=\"https:\/\/maps.google.com\/maps?q=Cl. 30 7797, Medell\u00edn, Bel\u00e9n, Medell\u00edn, Antioquia&#038;t=&#038;z=12&#038;ie=UTF8&#038;output=embed\"\n\t\t\t\t\t\tstyle=\"border:0;width:100%;max-width:none;max-height:none;height:100%;\"\n\t\t\t\t\t\taria-hidden=\"false\"\n\t\t\t\t\t\ttabIndex=\"0\"\n\t\t\t\t\t\tallowfullscreen\n\t\t\t\t\t\tloading=\"lazy\"\n\t\t\t\t\t\tframeBorder=\"0\"\n\t\t\t\t\t><\/iframe><\/div>\n<\/div><\/div><\/div>\n\n\n\n<div class=\"wp-block-stackable-column stk-block-column stk-column stk-block stk-30a194d\" data-v=\"4\" data-block-id=\"30a194d\"><div class=\"stk-column-wrapper stk-block-column__content stk-container stk-30a194d-container stk-hover-parent\"><div class=\"stk-block-content stk-inner-blocks stk-30a194d-inner-blocks\">\n<div class=\"wp-block-stackable-heading stk-block-heading stk-block-heading--v2 stk-block stk-d309a9e\" id=\"strong-span-style-color-2-eba-44-class-stk-highlight-cundinamarca-span-strong\" data-block-id=\"d309a9e\"><style>.stk-d309a9e{margin-bottom:0px !important}<\/style><h4 class=\"stk-block-heading__text\"><strong><span style=\"color: #2eba44;\" class=\"stk-highlight\">Cundinamarca<\/span><\/strong><\/h4><\/div>\n\n\n\n<div class=\"wp-block-stackable-image stk-block-image stk-block stk-3b1cad9\" data-block-id=\"3b1cad9\"><style>.stk-3b1cad9{margin-bottom:0px !important}.stk-3b1cad9 .stk-img-wrapper{height:350px !important}<\/style><figure><a class=\"stk-link\" href=\"https:\/\/maps.app.goo.gl\/yPtXLDmivE8XGCvm6\" target=\"_blank\" rel=\"noreferrer noopener\"><span class=\"stk-img-wrapper stk-image--shape-stretch\"><img decoding=\"async\" class=\"stk-img wp-image-2224\" src=\"http:\/\/tejascristal.com.co\/wp-content\/uploads\/2024\/04\/cundinamarca.jpeg\" width=\"1600\" height=\"1200\" srcset=\"https:\/\/tejascristal.com.co\/wp-content\/uploads\/2024\/04\/cundinamarca.jpeg 1600w, https:\/\/tejascristal.com.co\/wp-content\/uploads\/2024\/04\/cundinamarca-300x225.jpeg 300w, https:\/\/tejascristal.com.co\/wp-content\/uploads\/2024\/04\/cundinamarca-1024x768.jpeg 1024w, https:\/\/tejascristal.com.co\/wp-content\/uploads\/2024\/04\/cundinamarca-768x576.jpeg 768w, https:\/\/tejascristal.com.co\/wp-content\/uploads\/2024\/04\/cundinamarca-1536x1152.jpeg 1536w, https:\/\/tejascristal.com.co\/wp-content\/uploads\/2024\/04\/cundinamarca-600x450.jpeg 600w\" sizes=\"(max-width: 1600px) 100vw, 1600px\" \/><\/span><\/a><\/figure><\/div>\n\n\n\n<div class=\"wp-block-stackable-text stk-block-text stk-block stk-df6c273\" data-block-id=\"df6c273\"><style>.stk-df6c273{margin-bottom:0px !important}<\/style><p class=\"stk-block-text__text\"><strong>CRA 53 # 57 &#8211; 65<\/strong><\/p><\/div>\n\n\n\n<div class=\"wp-block-stackable-text stk-block-text stk-block stk-f07378f\" data-block-id=\"f07378f\"><style>.stk-f07378f{margin-bottom:0px !important}<\/style><p class=\"stk-block-text__text\"><a href=\"tel:3108794858\" data-type=\"tel\" data-id=\"tel:3108794858\"><strong>3108794858<\/strong><\/a><\/p><\/div>\n\n\n\n<div class=\"wp-block-stackable-icon stk-block-icon has-text-align-center stk-block stk-67ed854\" data-block-id=\"67ed854\"><style>.stk-67ed854{margin-top:-31px !important;margin-right:148px !important;margin-bottom:0px !important}.stk-67ed854 .stk--svg-wrapper .stk--inner-svg svg:last-child{height:25px !important;width:25px !important}.stk-67ed854 .stk--svg-wrapper .stk--inner-svg svg:last-child,.stk-67ed854 .stk--svg-wrapper .stk--inner-svg svg:last-child :is(g,path,rect,polygon,ellipse){fill:#000000 !important}<\/style><a class=\"stk-link\" href=\"tel:3108794858\"><span class=\"stk--svg-wrapper\"><div class=\"stk--inner-svg\"><svg style=\"height:0;width:0\"><defs><linearGradient id=\"linear-gradient-67ed854\" x1=\"0\" x2=\"100%\" y1=\"0\" y2=\"0\"><stop offset=\"0%\" style=\"stop-opacity:1;stop-color:var(--linear-gradient-67-ed-854-color-1)\"><\/stop><stop offset=\"100%\" style=\"stop-opacity:1;stop-color:var(--linear-gradient-67-ed-854-color-2)\"><\/stop><\/linearGradient><\/defs><\/svg><svg xmlns=\"http:\/\/www.w3.org\/2000\/svg\" viewBox=\"0 0 512 512\" aria-hidden=\"true\" width=\"32\" height=\"32\"><path d=\"M164.9 24.6c-7.7-18.6-28-28.5-47.4-23.2l-88 24C12.1 30.2 0 46 0 64C0 311.4 200.6 512 448 512c18 0 33.8-12.1 38.6-29.5l24-88c5.3-19.4-4.6-39.7-23.2-47.4l-96-40c-16.3-6.8-35.2-2.1-46.3 11.6L304.7 368C234.3 334.7 177.3 277.7 144 207.3L193.3 167c13.7-11.2 18.4-30 11.6-46.3l-40-96z\"><\/path><\/svg><\/div><\/span><\/a><\/div>\n\n\n\n<hr class=\"wp-block-separator has-alpha-channel-opacity\"\/>\n\n\n\n<div class=\"wp-block-stackable-map stk-block-map stk-block stk-8c9e035\" data-block-id=\"8c9e035\"><style>.stk-8c9e035 .stk-block-map__canvas,.stk-8c9e035 iframe{height:139px !important}<\/style><iframe\n\t\t\t\t\t\ttitle=\"Embedded content from Google Maps Platform.\"\n\t\t\t\t\t\tsrc=\"https:\/\/maps.google.com\/maps?q=Cra. 53 57-65, La Candelaria, Medell\u00edn, La Candelaria, Medell\u00edn, Antioquia&#038;t=&#038;z=12&#038;ie=UTF8&#038;output=embed\"\n\t\t\t\t\t\tstyle=\"border:0;width:100%;max-width:none;max-height:none;height:100%;\"\n\t\t\t\t\t\taria-hidden=\"false\"\n\t\t\t\t\t\ttabIndex=\"0\"\n\t\t\t\t\t\tallowfullscreen\n\t\t\t\t\t\tloading=\"lazy\"\n\t\t\t\t\t\tframeBorder=\"0\"\n\t\t\t\t\t><\/iframe><\/div>\n<\/div><\/div><\/div>\n<\/div><\/div>\n","protected":false},"excerpt":{"rendered":"<p>Av. oriental CALLE 58 # 45D &#8211; 126 3106022168 Bel\u00e9n CALLE 30 # 77 &#8211; 97 3104084862 Cundinamarca CRA 53 # 57 &#8211; 65 3108794858<\/p>\n","protected":false},"author":1,"featured_media":0,"parent":0,"menu_order":0,"comment_status":"closed","ping_status":"closed","template":"","meta":{"footnotes":""},"class_list":["post-2331","page","type-page","status-publish","hentry"],"blocksy_meta":[],"jetpack_sharing_enabled":true,"_links":{"self":[{"href":"https:\/\/tejascristal.com.co\/index.php\/wp-json\/wp\/v2\/pages\/2331","targetHints":{"allow":["GET"]}}],"collection":[{"href":"https:\/\/tejascristal.com.co\/index.php\/wp-json\/wp\/v2\/pages"}],"about":[{"href":"https:\/\/tejascristal.com.co\/index.php\/wp-json\/wp\/v2\/types\/page"}],"author":[{"embeddable":true,"href":"https:\/\/tejascristal.com.co\/index.php\/wp-json\/wp\/v2\/users\/1"}],"replies":[{"embeddable":true,"href":"https:\/\/tejascristal.com.co\/index.php\/wp-json\/wp\/v2\/comments?post=2331"}],"version-history":[{"count":13,"href":"https:\/\/tejascristal.com.co\/index.php\/wp-json\/wp\/v2\/pages\/2331\/revisions"}],"predecessor-version":[{"id":2992,"href":"https:\/\/tejascristal.com.co\/index.php\/wp-json\/wp\/v2\/pages\/2331\/revisions\/2992"}],"wp:attachment":[{"href":"https:\/\/tejascristal.com.co\/index.php\/wp-json\/wp\/v2\/media?parent=2331"}],"curies":[{"name":"wp","href":"https:\/\/api.w.org\/{rel}","templated":true}]}}